{"id":243,"date":"2024-08-07T06:28:06","date_gmt":"2024-08-07T06:28:06","guid":{"rendered":"https:\/\/lampkisolne.dkonto.pl\/?page_id=243"},"modified":"2025-11-06T11:10:10","modified_gmt":"2025-11-06T10:10:10","slug":"blog-without-sidebar","status":"publish","type":"page","link":"https:\/\/lampkisolne.dkonto.pl\/index.php\/blog-without-sidebar\/","title":{"rendered":"Blog Without Sidebar"},"content":{"rendered":"\t\t<div data-elementor-type=\"wp-page\" data-elementor-id=\"243\" class=\"elementor elementor-243\">\n\t\t\t\t<div class=\"elementor-element elementor-element-5ec8fca e-con-full e-flex e-con e-parent\" data-id=\"5ec8fca\" data-element_type=\"container\">\n\t\t\t\t<div class=\"elementor-element elementor-element-953ab73 elementor-widget elementor-widget-wdt-blog-posts\" data-id=\"953ab73\" data-element_type=\"widget\" data-settings=\"{&quot;wdt_animation_effect&quot;:&quot;none&quot;}\" data-widget_type=\"wdt-blog-posts.default\">\n\t\t\t\t<div class=\"elementor-widget-container\">\n\t\t\t\t\t<div class=\"wdt-posts-list-wrapper  wdt-post-list-carousel-953ab73\" ><div class='tpl-blog-holder  apply-isotope '><div class='grid-sizer  entry-grid-layout wdt-simple-style wdt-fadeinleft-hover wdt-default-overlay alignleft column wdt-one-third wdt-post-entry '><\/div><div class=\" entry-grid-layout wdt-simple-style wdt-fadeinleft-hover wdt-default-overlay alignleft column wdt-one-third wdt-post-entry  \"><article id=\"post-1\" class=\"post-1 post type-post status-publish format-standard hentry category-bez-kategorii blog-entry\">\n\n\n\t<!-- Featured Image -->\n\t<div class=\"entry-thumb\">\n\t\t\n\n        <\/div><!-- Featured Image --><div class=\"entry-meta-group\">\n<!-- Entry Date -->\n<div class=\"entry-date\">\n\t<i class=\"wdticon-calendar\"> <\/i>\n\t2025-04-17<\/div><!-- Entry Date -->\n<div class=\"wdt-comments-wrapper\"><i class=\"wdticon-comment\"> <\/i><a href=\"https:\/\/lampkisolne.dkonto.pl\/index.php\/2025\/04\/17\/witaj-swiecie\/#comments\">1 Comment<\/a><\/div><\/div>\n<!-- Entry Title -->\n<div class=\"entry-title\">\n\t<h4>    \t<a href=\"https:\/\/lampkisolne.dkonto.pl\/index.php\/2025\/04\/17\/witaj-swiecie\/\" title=\"Permalink to Witaj, \u015bwiecie!\">Witaj, \u015bwiecie!<\/a>\n\t<\/h4>\n<\/div><!-- Entry Title -->\n\t<div class=\"entry-body\"><p>Witamy w WordPressie. To jest tw\u00f3j pierwszy wpis. Edytuj go lub usu\u0144, a nast\u0119pnie zacznij...<\/p><\/div>\n\n<!-- Entry Button --><div class=\"entry-button wdt-core-button\"><a href=\"https:\/\/lampkisolne.dkonto.pl\/index.php\/2025\/04\/17\/witaj-swiecie\/\" title=\"Witaj, \u015bwiecie!\" class=\"wdt-button\">Read More<span><svg xmlns=\"http:\/\/www.w3.org\/2000\/svg\" xmlns:xlink=\"http:\/\/www.w3.org\/1999\/xlink\" x=\"0px\" y=\"0px\" viewBox=\"0 0 100 59\" style=\"enable-background:new 0 0 100 59;\" xml:space=\"preserve\"><polygon points=\"59.9,6.1 79.4,25.7 6,25.7 6,33.3 79.4,33.3 59.9,52.9 65.3,58.2 94,29.5 65.3,0.8 \"><\/polygon><\/svg><\/span><\/a><\/div><!-- Entry Button --><\/article><\/div><div class=\" entry-grid-layout wdt-simple-style wdt-fadeinleft-hover wdt-default-overlay alignleft column wdt-one-third wdt-post-entry  \"><article id=\"post-782\" class=\"post-782 post type-post status-publish format-standard has-post-thumbnail hentry category-organic-soap tag-organic-bath blog-entry\">\n\n\n\t<!-- Featured Image -->\n\t<div class=\"entry-thumb\">\n\t\t\n<a href=\"https:\/\/lampkisolne.dkonto.pl\/index.php\/2024\/09\/09\/natural-extensive-skin-look\/\" title=\"Permalink to Natural Extensive Skin Look\"><img fetchpriority=\"high\" decoding=\"async\" width=\"1500\" height=\"1020\" src=\"https:\/\/lampkisolne.dkonto.pl\/wp-content\/uploads\/2024\/09\/blog-03.jpg\" class=\"attachment-wdt-blog-iii-column size-wdt-blog-iii-column wp-post-image\" alt=\"\" \/><\/a>\n        <\/div><!-- Featured Image --><div class=\"entry-meta-group\">\n<!-- Entry Date -->\n<div class=\"entry-date\">\n\t<i class=\"wdticon-calendar\"> <\/i>\n\t2024-09-09<\/div><!-- Entry Date -->\n<div class=\"wdt-comments-wrapper\"><i class=\"wdticon-comment\"> <\/i><a href=\"https:\/\/lampkisolne.dkonto.pl\/index.php\/2024\/09\/09\/natural-extensive-skin-look\/#comments\">1 Comment<\/a><\/div><\/div>\n<!-- Entry Title -->\n<div class=\"entry-title\">\n\t<h4>    \t<a href=\"https:\/\/lampkisolne.dkonto.pl\/index.php\/2024\/09\/09\/natural-extensive-skin-look\/\" title=\"Permalink to Natural Extensive Skin Look\">Natural Extensive Skin Look<\/a>\n\t<\/h4>\n<\/div><!-- Entry Title -->\n\t<div class=\"entry-body\"><p>Urna porttitor semper vamper felis integer. Porta at natoque natoque nam suscipit. Eleifend vehicula sit...<\/p><\/div>\n\n<!-- Entry Button --><div class=\"entry-button wdt-core-button\"><a href=\"https:\/\/lampkisolne.dkonto.pl\/index.php\/2024\/09\/09\/natural-extensive-skin-look\/\" title=\"Natural Extensive Skin Look\" class=\"wdt-button\">Read More<span><svg xmlns=\"http:\/\/www.w3.org\/2000\/svg\" xmlns:xlink=\"http:\/\/www.w3.org\/1999\/xlink\" x=\"0px\" y=\"0px\" viewBox=\"0 0 100 59\" style=\"enable-background:new 0 0 100 59;\" xml:space=\"preserve\"><polygon points=\"59.9,6.1 79.4,25.7 6,25.7 6,33.3 79.4,33.3 59.9,52.9 65.3,58.2 94,29.5 65.3,0.8 \"><\/polygon><\/svg><\/span><\/a><\/div><!-- Entry Button --><\/article><\/div><div class=\" entry-grid-layout wdt-simple-style wdt-fadeinleft-hover wdt-default-overlay alignleft column wdt-one-third wdt-post-entry  \"><article id=\"post-781\" class=\"post-781 post type-post status-publish format-standard has-post-thumbnail hentry category-soap-making tag-naturalingredients blog-entry\">\n\n\n\t<!-- Featured Image -->\n\t<div class=\"entry-thumb\">\n\t\t\n<a href=\"https:\/\/lampkisolne.dkonto.pl\/index.php\/2024\/09\/09\/the-art-of-organic-soap-making\/\" title=\"Permalink to The Art Of Organic Soap Making\"><img decoding=\"async\" width=\"1500\" height=\"1020\" src=\"https:\/\/lampkisolne.dkonto.pl\/wp-content\/uploads\/2024\/09\/blog-04.jpg\" class=\"attachment-wdt-blog-iii-column size-wdt-blog-iii-column wp-post-image\" alt=\"\" \/><\/a>\n        <\/div><!-- Featured Image --><div class=\"entry-meta-group\">\n<!-- Entry Date -->\n<div class=\"entry-date\">\n\t<i class=\"wdticon-calendar\"> <\/i>\n\t2024-09-09<\/div><!-- Entry Date -->\n<div class=\"wdt-comments-wrapper\"><i class=\"wdticon-comment\"> <\/i><a href=\"https:\/\/lampkisolne.dkonto.pl\/index.php\/2024\/09\/09\/the-art-of-organic-soap-making\/#comments\">1 Comment<\/a><\/div><\/div>\n<!-- Entry Title -->\n<div class=\"entry-title\">\n\t<h4>    \t<a href=\"https:\/\/lampkisolne.dkonto.pl\/index.php\/2024\/09\/09\/the-art-of-organic-soap-making\/\" title=\"Permalink to The Art Of Organic Soap Making\">The Art Of Organic Soap Making<\/a>\n\t<\/h4>\n<\/div><!-- Entry Title -->\n\t<div class=\"entry-body\"><p>Platea molestie tellus; hac nullam pretium potenti integer. Volutpat accumsan curabitur per dis augue tincidunt...<\/p><\/div>\n\n<!-- Entry Button --><div class=\"entry-button wdt-core-button\"><a href=\"https:\/\/lampkisolne.dkonto.pl\/index.php\/2024\/09\/09\/the-art-of-organic-soap-making\/\" title=\"The Art Of Organic Soap Making\" class=\"wdt-button\">Read More<span><svg xmlns=\"http:\/\/www.w3.org\/2000\/svg\" xmlns:xlink=\"http:\/\/www.w3.org\/1999\/xlink\" x=\"0px\" y=\"0px\" viewBox=\"0 0 100 59\" style=\"enable-background:new 0 0 100 59;\" xml:space=\"preserve\"><polygon points=\"59.9,6.1 79.4,25.7 6,25.7 6,33.3 79.4,33.3 59.9,52.9 65.3,58.2 94,29.5 65.3,0.8 \"><\/polygon><\/svg><\/span><\/a><\/div><!-- Entry Button --><\/article><\/div><div class=\" entry-grid-layout wdt-simple-style wdt-fadeinleft-hover wdt-default-overlay alignleft column wdt-one-third wdt-post-entry  \"><article id=\"post-780\" class=\"post-780 post type-post status-publish format-standard has-post-thumbnail hentry category-soap-ingredients tag-organicbodycare blog-entry\">\n\n\n\t<!-- Featured Image -->\n\t<div class=\"entry-thumb\">\n\t\t\n<a href=\"https:\/\/lampkisolne.dkonto.pl\/index.php\/2024\/09\/09\/ingredient-for-organic-soap\/\" title=\"Permalink to Ingredient For Organic Soap\"><img decoding=\"async\" width=\"1500\" height=\"1020\" src=\"https:\/\/lampkisolne.dkonto.pl\/wp-content\/uploads\/2024\/09\/blog-05.jpg\" class=\"attachment-wdt-blog-iii-column size-wdt-blog-iii-column wp-post-image\" alt=\"\" \/><\/a>\n        <\/div><!-- Featured Image --><div class=\"entry-meta-group\">\n<!-- Entry Date -->\n<div class=\"entry-date\">\n\t<i class=\"wdticon-calendar\"> <\/i>\n\t2024-09-09<\/div><!-- Entry Date -->\n<div class=\"wdt-comments-wrapper\"><i class=\"wdticon-comment\"> <\/i><a href=\"https:\/\/lampkisolne.dkonto.pl\/index.php\/2024\/09\/09\/ingredient-for-organic-soap\/#comments\">1 Comment<\/a><\/div><\/div>\n<!-- Entry Title -->\n<div class=\"entry-title\">\n\t<h4>    \t<a href=\"https:\/\/lampkisolne.dkonto.pl\/index.php\/2024\/09\/09\/ingredient-for-organic-soap\/\" title=\"Permalink to Ingredient For Organic Soap\">Ingredient For Organic Soap<\/a>\n\t<\/h4>\n<\/div><!-- Entry Title -->\n\t<div class=\"entry-body\"><p>Conubia torquent magnis lacus sagittis aenean pharetra in magna. Inceptos efficitur ad commodo habitant nibh...<\/p><\/div>\n\n<!-- Entry Button --><div class=\"entry-button wdt-core-button\"><a href=\"https:\/\/lampkisolne.dkonto.pl\/index.php\/2024\/09\/09\/ingredient-for-organic-soap\/\" title=\"Ingredient For Organic Soap\" class=\"wdt-button\">Read More<span><svg xmlns=\"http:\/\/www.w3.org\/2000\/svg\" xmlns:xlink=\"http:\/\/www.w3.org\/1999\/xlink\" x=\"0px\" y=\"0px\" viewBox=\"0 0 100 59\" style=\"enable-background:new 0 0 100 59;\" xml:space=\"preserve\"><polygon points=\"59.9,6.1 79.4,25.7 6,25.7 6,33.3 79.4,33.3 59.9,52.9 65.3,58.2 94,29.5 65.3,0.8 \"><\/polygon><\/svg><\/span><\/a><\/div><!-- Entry Button --><\/article><\/div><div class=\" entry-grid-layout wdt-simple-style wdt-fadeinleft-hover wdt-default-overlay alignleft column wdt-one-third wdt-post-entry  \"><article id=\"post-779\" class=\"post-779 post type-post status-publish format-standard has-post-thumbnail hentry category-handmade-soap tag-chemical-free blog-entry\">\n\n\n\t<!-- Featured Image -->\n\t<div class=\"entry-thumb\">\n\t\t\n<a href=\"https:\/\/lampkisolne.dkonto.pl\/index.php\/2024\/09\/09\/the-healing-power-of-organic-soap\/\" title=\"Permalink to The Healing Power Of Organic Soap\"><img loading=\"lazy\" decoding=\"async\" width=\"1500\" height=\"1020\" src=\"https:\/\/lampkisolne.dkonto.pl\/wp-content\/uploads\/2024\/09\/blog-06.jpg\" class=\"attachment-wdt-blog-iii-column size-wdt-blog-iii-column wp-post-image\" alt=\"\" \/><\/a>\n        <\/div><!-- Featured Image --><div class=\"entry-meta-group\">\n<!-- Entry Date -->\n<div class=\"entry-date\">\n\t<i class=\"wdticon-calendar\"> <\/i>\n\t2024-09-09<\/div><!-- Entry Date -->\n<div class=\"wdt-comments-wrapper\"><i class=\"wdticon-comment\"> <\/i><a href=\"https:\/\/lampkisolne.dkonto.pl\/index.php\/2024\/09\/09\/the-healing-power-of-organic-soap\/#comments\">1 Comment<\/a><\/div><\/div>\n<!-- Entry Title -->\n<div class=\"entry-title\">\n\t<h4>    \t<a href=\"https:\/\/lampkisolne.dkonto.pl\/index.php\/2024\/09\/09\/the-healing-power-of-organic-soap\/\" title=\"Permalink to The Healing Power Of Organic Soap\">The Healing Power Of Organic Soap<\/a>\n\t<\/h4>\n<\/div><!-- Entry Title -->\n\t<div class=\"entry-body\"><p>Curae dui fringilla dignissim amet ex aliquam cursus leo. Nulla fames varius vehicula nec platea...<\/p><\/div>\n\n<!-- Entry Button --><div class=\"entry-button wdt-core-button\"><a href=\"https:\/\/lampkisolne.dkonto.pl\/index.php\/2024\/09\/09\/the-healing-power-of-organic-soap\/\" title=\"The Healing Power Of Organic Soap\" class=\"wdt-button\">Read More<span><svg xmlns=\"http:\/\/www.w3.org\/2000\/svg\" xmlns:xlink=\"http:\/\/www.w3.org\/1999\/xlink\" x=\"0px\" y=\"0px\" viewBox=\"0 0 100 59\" style=\"enable-background:new 0 0 100 59;\" xml:space=\"preserve\"><polygon points=\"59.9,6.1 79.4,25.7 6,25.7 6,33.3 79.4,33.3 59.9,52.9 65.3,58.2 94,29.5 65.3,0.8 \"><\/polygon><\/svg><\/span><\/a><\/div><!-- Entry Button --><\/article><\/div><div class=\" entry-grid-layout wdt-simple-style wdt-fadeinleft-hover wdt-default-overlay alignleft column wdt-one-third wdt-post-entry  \"><article id=\"post-787\" class=\"post-787 post type-post status-publish format-standard has-post-thumbnail hentry category-handmade-soap tag-chemical-free blog-entry\">\n\n\n\t<!-- Featured Image -->\n\t<div class=\"entry-thumb\">\n\t\t\n<a href=\"https:\/\/lampkisolne.dkonto.pl\/index.php\/2024\/09\/09\/natural-cleansing-to-your-skin\/\" title=\"Permalink to Natural Cleansing To Your Skin\"><img loading=\"lazy\" decoding=\"async\" width=\"1500\" height=\"1020\" src=\"https:\/\/lampkisolne.dkonto.pl\/wp-content\/uploads\/2024\/09\/blog-07.jpg\" class=\"attachment-wdt-blog-iii-column size-wdt-blog-iii-column wp-post-image\" alt=\"\" \/><\/a>\n        <\/div><!-- Featured Image --><div class=\"entry-meta-group\">\n<!-- Entry Date -->\n<div class=\"entry-date\">\n\t<i class=\"wdticon-calendar\"> <\/i>\n\t2024-09-09<\/div><!-- Entry Date -->\n<div class=\"wdt-comments-wrapper\"><i class=\"wdticon-comment\"> <\/i><a href=\"https:\/\/lampkisolne.dkonto.pl\/index.php\/2024\/09\/09\/natural-cleansing-to-your-skin\/#comments\">1 Comment<\/a><\/div><\/div>\n<!-- Entry Title -->\n<div class=\"entry-title\">\n\t<h4>    \t<a href=\"https:\/\/lampkisolne.dkonto.pl\/index.php\/2024\/09\/09\/natural-cleansing-to-your-skin\/\" title=\"Permalink to Natural Cleansing To Your Skin\">Natural Cleansing To Your Skin<\/a>\n\t<\/h4>\n<\/div><!-- Entry Title -->\n\t<div class=\"entry-body\"><p>Rutrum quisque non tellus orci ac auctor augue. In nulla posuere sollicitudin aliquam ultrices sagittis....<\/p><\/div>\n\n<!-- Entry Button --><div class=\"entry-button wdt-core-button\"><a href=\"https:\/\/lampkisolne.dkonto.pl\/index.php\/2024\/09\/09\/natural-cleansing-to-your-skin\/\" title=\"Natural Cleansing To Your Skin\" class=\"wdt-button\">Read More<span><svg xmlns=\"http:\/\/www.w3.org\/2000\/svg\" xmlns:xlink=\"http:\/\/www.w3.org\/1999\/xlink\" x=\"0px\" y=\"0px\" viewBox=\"0 0 100 59\" style=\"enable-background:new 0 0 100 59;\" xml:space=\"preserve\"><polygon points=\"59.9,6.1 79.4,25.7 6,25.7 6,33.3 79.4,33.3 59.9,52.9 65.3,58.2 94,29.5 65.3,0.8 \"><\/polygon><\/svg><\/span><\/a><\/div><!-- Entry Button --><\/article><\/div><\/div><div class=\"pagination blog-pagination\"><div class=\"column one pager_wrapper\"><ul class='page-numbers'>\n\t<li><span aria-label=\"Strona 1\" aria-current=\"page\" class=\"page-numbers current\">1<\/span><\/li>\n\t<li><a aria-label=\"Strona 2\" class=\"page-numbers\" href=\"https:\/\/lampkisolne.dkonto.pl\/index.php\/wp-json\/wp\/v2\/pages\/243\/page\/2\/\">2<\/a><\/li>\n\t<li><a aria-label=\"Strona 3\" class=\"page-numbers\" href=\"https:\/\/lampkisolne.dkonto.pl\/index.php\/wp-json\/wp\/v2\/pages\/243\/page\/3\/\">3<\/a><\/li>\n\t<li><a class=\"next page-numbers\" href=\"https:\/\/lampkisolne.dkonto.pl\/index.php\/wp-json\/wp\/v2\/pages\/243\/page\/2\/\"><i class=\"wdticon-angle-double-right\"><\/i><\/a><\/li>\n<\/ul>\n<\/div>\n<\/div><\/div>\t\t\t\t<\/div>\n\t\t\t\t<\/div>\n\t\t\t\t<\/div>\n\t\t\t\t<\/div>\n\t\t","protected":false},"excerpt":{"rendered":"<p>September 9, 2024 1 Comment Natural Extensive Skin Look Urna porttitor semper vamper felis integer. Porta at natoque natoque nam suscipit. Eleifend vehicula sit&#8230; Read More September 9, 2024 1 Comment The Art Of Organic Soap Making Platea molestie tellus; hac nullam pretium potenti integer. Volutpat accumsan curabitur per dis augue tincidunt&#8230; Read More September [&hellip;]<\/p>\n","protected":false},"author":1,"featured_media":0,"parent":0,"menu_order":0,"comment_status":"closed","ping_status":"closed","template":"","meta":{"footnotes":""},"class_list":["post-243","page","type-page","status-publish","hentry","blog-entry","format-standard"],"_links":{"self":[{"href":"https:\/\/lampkisolne.dkonto.pl\/index.php\/wp-json\/wp\/v2\/pages\/243","targetHints":{"allow":["GET"]}}],"collection":[{"href":"https:\/\/lampkisolne.dkonto.pl\/index.php\/wp-json\/wp\/v2\/pages"}],"about":[{"href":"https:\/\/lampkisolne.dkonto.pl\/index.php\/wp-json\/wp\/v2\/types\/page"}],"author":[{"embeddable":true,"href":"https:\/\/lampkisolne.dkonto.pl\/index.php\/wp-json\/wp\/v2\/users\/1"}],"replies":[{"embeddable":true,"href":"https:\/\/lampkisolne.dkonto.pl\/index.php\/wp-json\/wp\/v2\/comments?post=243"}],"version-history":[{"count":1,"href":"https:\/\/lampkisolne.dkonto.pl\/index.php\/wp-json\/wp\/v2\/pages\/243\/revisions"}],"predecessor-version":[{"id":1265,"href":"https:\/\/lampkisolne.dkonto.pl\/index.php\/wp-json\/wp\/v2\/pages\/243\/revisions\/1265"}],"wp:attachment":[{"href":"https:\/\/lampkisolne.dkonto.pl\/index.php\/wp-json\/wp\/v2\/media?parent=243"}],"curies":[{"name":"wp","href":"https:\/\/api.w.org\/{rel}","templated":true}]}}